{"id":9,"date":"2015-02-12T22:00:51","date_gmt":"2015-02-12T22:00:51","guid":{"rendered":"http:\/\/hamrehaugen.no\/wp\/?page_id=9"},"modified":"2025-04-19T14:12:16","modified_gmt":"2025-04-19T13:12:16","slug":"styret","status":"publish","type":"page","link":"https:\/\/hamrehaugen.no\/?page_id=9","title":{"rendered":"Styret"},"content":{"rendered":"<p>Det sittende styret i huseierlaget etter generalforsamling i april 2025 best\u00e5r av:<\/p>\n<p><strong>Styreleder:<\/strong> Tom A. Nordeng, nr 59<br \/>\n<strong>Styremedlem:<\/strong> Jon A. Haugen, nr 70<br \/>\n<strong>Styremedlem: <\/strong>Trygve \u00c5sheim, nr 18<br \/>\n<strong>Styremedlem: <\/strong>Ken Ove Boland Holm, nr 30<\/p>\n<p>Hvis du \u00f8nsker \u00e5 kontakte styret kan du sende epost til <a href=\"mailto:styret@hamrehaugen.no\">styret@hamrehaugen.no<\/a>, eller benytte den elektroniske <a href=\"index.php?page_id=34\">Id\u00e9kassen<\/a>.<\/p>\n<p><strong>Postadresse:<\/strong><br \/>\nHamrehaugen Huseierlag, Id\u00e8kasse<br \/>\nHamrehaugen 59<br \/>\n5161 Laksev\u00e5g<\/p>\n","protected":false},"excerpt":{"rendered":"<p>Det sittende styret i huseierlaget etter generalforsamling i april 2025 best\u00e5r av: Styreleder: Tom A. Nordeng, nr 59 Styremedlem: Jon A. Haugen, nr 70 Styremedlem: Trygve \u00c5sheim, nr 18 Styremedlem: Ken Ove Boland Holm, nr 30 Hvis du \u00f8nsker \u00e5 kontakte styret kan du sende epost til styret@hamrehaugen.no, eller benytte den elektroniske Id\u00e9kassen. Postadresse: Hamrehaugen [&hellip;]<\/p>\n","protected":false},"author":1,"featured_media":0,"parent":0,"menu_order":0,"comment_status":"closed","ping_status":"open","template":"","meta":[],"_links":{"self":[{"href":"https:\/\/hamrehaugen.no\/index.php?rest_route=\/wp\/v2\/pages\/9"}],"collection":[{"href":"https:\/\/hamrehaugen.no\/index.php?rest_route=\/wp\/v2\/pages"}],"about":[{"href":"https:\/\/hamrehaugen.no\/index.php?rest_route=\/wp\/v2\/types\/page"}],"author":[{"embeddable":true,"href":"https:\/\/hamrehaugen.no\/index.php?rest_route=\/wp\/v2\/users\/1"}],"replies":[{"embeddable":true,"href":"https:\/\/hamrehaugen.no\/index.php?rest_route=%2Fwp%2Fv2%2Fcomments&post=9"}],"version-history":[{"count":14,"href":"https:\/\/hamrehaugen.no\/index.php?rest_route=\/wp\/v2\/pages\/9\/revisions"}],"predecessor-version":[{"id":558,"href":"https:\/\/hamrehaugen.no\/index.php?rest_route=\/wp\/v2\/pages\/9\/revisions\/558"}],"wp:attachment":[{"href":"https:\/\/hamrehaugen.no\/index.php?rest_route=%2Fwp%2Fv2%2Fmedia&parent=9"}],"curies":[{"name":"wp","href":"https:\/\/api.w.org\/{rel}","templated":true}]}}