{"id":578,"date":"2025-08-01T19:08:21","date_gmt":"2025-08-01T18:08:21","guid":{"rendered":"https:\/\/hamrehaugen.no\/?page_id=578"},"modified":"2025-08-07T14:37:50","modified_gmt":"2025-08-07T13:37:50","slug":"praktisk-informasjon","status":"publish","type":"page","link":"https:\/\/hamrehaugen.no\/?page_id=578","title":{"rendered":"Praktisk informasjon"},"content":{"rendered":"\n<h2>Husfarger:<\/h2>\n\n\n\n<p>For \u00e5 endre farge p\u00e5 husrekke m\u00e5 3\/4 v\u00e6re enig i hht. servituttene. Skjema f\u00e5s fra styret p\u00e5 foresp\u00f8rsel. Endringer blir da dokumentert og publisert her.<\/p>\n\n\n\n<p><strong>Rekke 1 (nr.1-19)<strong> 10 boenheter<\/strong>: <\/strong><\/p>\n\n\n\n<ul>\n<li>Gul (Gammel farge, mangler navn, kode og produsent)<\/li>\n<\/ul>\n\n\n\n<p><strong>Rekke 2 (nr.2-14)<strong> 7 boenheter<\/strong>:<\/strong> <\/p>\n\n\n\n<ul>\n<li>R\u00f8d (Gammel farge, mangler navn, kode og produsent)<\/li>\n\n\n\n<li>Muligens R\u00f8ros R\u00f8d, Ncs: <strong>NCS 5038-Y83R<\/strong>, Jotun.<\/li>\n<\/ul>\n\n\n\n<p><strong>Rekke 3 (nr.16-38)<strong> 12 boenheter<\/strong>: <\/strong><\/p>\n\n\n\n<p>I rekke 3 ble ny farge vedtatt gjennom 3\/4 flertall. <\/p>\n\n\n\n<p>Forrige farge var R\u00f8ros R\u00f8d, Ncs: <strong>NCS 5038-Y83R<\/strong>, Jotun.<\/p>\n\n\n\n<p><strong>Ny farge per 01.08.25:<\/strong><\/p>\n\n\n\n<ul class=\"has-white-background-color has-background\">\n<li>Farge: L\u00e6rdal <\/li>\n\n\n\n<li>Fargekode: 7053<\/li>\n\n\n\n<li>Produsent: Jotun<\/li>\n\n\n\n<li>En dempet gr\u00e5lig gr\u00f8nntone. En langt mer dempet og dus gr\u00f8nntone enn de tradisjonelle gylne gr\u00f8nntonene.<\/li>\n\n\n\n<li>Link: <a href=\"https:\/\/www.jotun.com\/no-no\/decorative\/exterior\/colours\/7053-laerdal-exterior\" target=\"_blank\" rel=\"noreferrer noopener\">https:\/\/www.jotun.com\/no-no\/decorative\/exterior\/colours\/7053-laerdal-exterior<\/a><\/li>\n<\/ul>\n\n\n\n<p><strong>Rekke 4 (nr.40-60) <strong>11 boenheter<\/strong>:<\/strong><\/p>\n\n\n\n<ul>\n<li>Gr\u00f8nn<\/li>\n<\/ul>\n\n\n\n<p><strong>Rekke 5 (nr.43-59) 9 boenheter:<\/strong><\/p>\n\n\n\n<p>I rekke 3 ble ny farge vedtatt gjennom 3\/4 flertall. <\/p>\n\n\n\n<p>Forrige farge var muligens R\u00f8ros R\u00f8d, Ncs: <strong>NCS 5038-Y83R<\/strong>, Jotun. <\/p>\n\n\n\n<p><strong>Ny farge per 01.08.25:<\/strong><\/p>\n\n\n\n<ul>\n<li>Farge: Dodenkopf<\/li>\n\n\n\n<li>Fargekode: 2279<\/li>\n\n\n\n<li>Produsent: Jotun<\/li>\n\n\n\n<li>En dyp r\u00f8d tone. Fargen fremst\u00e5r som en m\u00f8rk og dempet r\u00f8dtone.<\/li>\n\n\n\n<li>Link: <a href=\"https:\/\/www.jotun.com\/no-no\/decorative\/exterior\/colours\/2279-dodenkopf-exterior\" target=\"_blank\" rel=\"noreferrer noopener\">https:\/\/www.jotun.com\/no-no\/decorative\/exterior\/colours\/2279-dodenkopf-exterior<\/a><\/li>\n<\/ul>\n\n\n\n<p><strong>Rekke 6 (nr.62-72) 6 boenheter:<\/strong><\/p>\n\n\n\n<ul>\n<li>R\u00f8d (Gammel farge, mangler navn, kode og produsent)<\/li>\n\n\n\n<li>Muligens 0650 Engelsk R\u00f8d.<\/li>\n<\/ul>\n","protected":false},"excerpt":{"rendered":"<p>Husfarger: For \u00e5 endre farge p\u00e5 husrekke m\u00e5 3\/4 v\u00e6re enig i hht. servituttene. Skjema f\u00e5s fra styret p\u00e5 foresp\u00f8rsel. Endringer blir da dokumentert og publisert her. Rekke 1 (nr.1-19) 10 boenheter: Rekke 2 (nr.2-14) 7 boenheter: Rekke 3 (nr.16-38) 12 boenheter: I rekke 3 ble ny farge vedtatt gjennom 3\/4 flertall. Forrige farge var [&hellip;]<\/p>\n","protected":false},"author":1,"featured_media":0,"parent":0,"menu_order":0,"comment_status":"closed","ping_status":"closed","template":"","meta":[],"_links":{"self":[{"href":"https:\/\/hamrehaugen.no\/index.php?rest_route=\/wp\/v2\/pages\/578"}],"collection":[{"href":"https:\/\/hamrehaugen.no\/index.php?rest_route=\/wp\/v2\/pages"}],"about":[{"href":"https:\/\/hamrehaugen.no\/index.php?rest_route=\/wp\/v2\/types\/page"}],"author":[{"embeddable":true,"href":"https:\/\/hamrehaugen.no\/index.php?rest_route=\/wp\/v2\/users\/1"}],"replies":[{"embeddable":true,"href":"https:\/\/hamrehaugen.no\/index.php?rest_route=%2Fwp%2Fv2%2Fcomments&post=578"}],"version-history":[{"count":21,"href":"https:\/\/hamrehaugen.no\/index.php?rest_route=\/wp\/v2\/pages\/578\/revisions"}],"predecessor-version":[{"id":619,"href":"https:\/\/hamrehaugen.no\/index.php?rest_route=\/wp\/v2\/pages\/578\/revisions\/619"}],"wp:attachment":[{"href":"https:\/\/hamrehaugen.no\/index.php?rest_route=%2Fwp%2Fv2%2Fmedia&parent=578"}],"curies":[{"name":"wp","href":"https:\/\/api.w.org\/{rel}","templated":true}]}}