{"id":572,"date":"2025-05-08T19:00:54","date_gmt":"2025-05-08T18:00:54","guid":{"rendered":"https:\/\/hamrehaugen.no\/?page_id=572"},"modified":"2025-05-08T19:05:24","modified_gmt":"2025-05-08T18:05:24","slug":"onsker-du-a-bidra-med-arbeid-pa-fellesomradene","status":"publish","type":"page","link":"https:\/\/hamrehaugen.no\/?page_id=572","title":{"rendered":"\u00d8nsker du \u00e5 bidra med arbeid p\u00e5 fellesomr\u00e5dene?"},"content":{"rendered":"<p>Styret i Hamrehaugen Huseierlag \u00f8nsker \u00e5 legge til rette for at huseiere kan utf\u00f8re betalt arbeid p\u00e5 fellesomr\u00e5dene. Vi vet at mange i nabolaget har b\u00e5de kompetanse og vilje til \u00e5 bidra \u2013 og vi setter stor pris p\u00e5 dette engasjementet!<\/p>\n<p>For \u00e5 sikre rettferdighet, kvalitet og oversikt over hvem som gj\u00f8r hva, er det viktig at alle som \u00f8nsker \u00e5 p\u00e5ta seg slikt arbeid sender inn en foresp\u00f8rsel til Styret for godkjenning f\u00f8r arbeidet starter. Dette gjelder uansett type arbeid eller omfang.<\/p>\n<p>\ud83d\udccc Send inn din foresp\u00f8rsel her: <a href=\"https:\/\/forms.gle\/C1hAwgUF9zRiDwRM8\" rel=\"noopener\" target=\"_blank\"><strong>Foresp\u00f8rsel om \u00e5 utf\u00f8re arbeid p\u00e5 fellesomr\u00e5der<\/strong><\/a><\/p>\n<p>Hvorfor er dette viktig?<\/p>\n<p>&#8211; Det gir Styret mulighet til \u00e5 vurdere behov, budsjetter og prioriteringer.<\/p>\n<p>&#8211; Det sikrer lik behandling av alle huseiere som \u00f8nsker \u00e5 bidra.<\/p>\n<p>&#8211; Det bidrar til god planlegging og kvalitet i arbeidet som utf\u00f8res.<\/p>\n<p>&#8211; Det gj\u00f8r det enklere \u00e5 holde oversikt over hva som er gjort og av hvem.<\/p>\n<p>Vi h\u00e5per dere \u00f8nsker \u00e5 bidra \u2013 sammen kan vi ta godt vare p\u00e5 n\u00e6romr\u00e5det v\u00e5rt!<\/p>\n<p>Vennlig hilsen<br \/>\nStyret i Hamrehaugen Huseierlag<\/p>\n","protected":false},"excerpt":{"rendered":"<p>Styret i Hamrehaugen Huseierlag \u00f8nsker \u00e5 legge til rette for at huseiere kan utf\u00f8re betalt arbeid p\u00e5 fellesomr\u00e5dene. Vi vet at mange i nabolaget har b\u00e5de kompetanse og vilje til \u00e5 bidra \u2013 og vi setter stor pris p\u00e5 dette engasjementet! For \u00e5 sikre rettferdighet, kvalitet og oversikt over hvem som gj\u00f8r hva, er det [&hellip;]<\/p>\n","protected":false},"author":1,"featured_media":0,"parent":0,"menu_order":0,"comment_status":"closed","ping_status":"closed","template":"","meta":[],"_links":{"self":[{"href":"https:\/\/hamrehaugen.no\/index.php?rest_route=\/wp\/v2\/pages\/572"}],"collection":[{"href":"https:\/\/hamrehaugen.no\/index.php?rest_route=\/wp\/v2\/pages"}],"about":[{"href":"https:\/\/hamrehaugen.no\/index.php?rest_route=\/wp\/v2\/types\/page"}],"author":[{"embeddable":true,"href":"https:\/\/hamrehaugen.no\/index.php?rest_route=\/wp\/v2\/users\/1"}],"replies":[{"embeddable":true,"href":"https:\/\/hamrehaugen.no\/index.php?rest_route=%2Fwp%2Fv2%2Fcomments&post=572"}],"version-history":[{"count":1,"href":"https:\/\/hamrehaugen.no\/index.php?rest_route=\/wp\/v2\/pages\/572\/revisions"}],"predecessor-version":[{"id":573,"href":"https:\/\/hamrehaugen.no\/index.php?rest_route=\/wp\/v2\/pages\/572\/revisions\/573"}],"wp:attachment":[{"href":"https:\/\/hamrehaugen.no\/index.php?rest_route=%2Fwp%2Fv2%2Fmedia&parent=572"}],"curies":[{"name":"wp","href":"https:\/\/api.w.org\/{rel}","templated":true}]}}