{"id":23,"date":"2015-03-01T21:03:13","date_gmt":"2015-03-01T21:03:13","guid":{"rendered":"http:\/\/hamrehaugen.no\/wp\/?page_id=23"},"modified":"2016-05-02T12:50:48","modified_gmt":"2016-05-02T11:50:48","slug":"om-hamrehaugen-huseierlag","status":"publish","type":"page","link":"https:\/\/hamrehaugen.no\/?page_id=23","title":{"rendered":"Om Hamrehaugen Huseierlag"},"content":{"rendered":"<p><a href=\"http:\/\/hamrehaugen.no\/wp\/wp-content\/uploads\/2015\/03\/melkeplassen_1963.jpg\"><img decoding=\"async\" loading=\"lazy\" class=\"alignleft wp-image-24 size-full\" src=\"http:\/\/hamrehaugen.no\/wp\/wp-content\/uploads\/2015\/03\/melkeplassen_1963.jpg\" alt=\"melkeplassen_1963\" width=\"550\" height=\"364\" srcset=\"https:\/\/hamrehaugen.no\/wp-content\/uploads\/2015\/03\/melkeplassen_1963.jpg 550w, https:\/\/hamrehaugen.no\/wp-content\/uploads\/2015\/03\/melkeplassen_1963-300x199.jpg 300w\" sizes=\"(max-width: 550px) 100vw, 550px\" \/><\/a><\/p>\n<p>Hamrehaugen i Laksev\u00e5g bydel er en blindvei nordover fra \u00d8vre Fyllingsvei; 1969 oppkalt etter g\u00e5rdbruker Paul Hamre (1868\u20131945), som eide Melkeplassen og Hammerg\u00e5rden i Fyllingsdalen. Eiendommene ble utparsellert til boligtomter av arvingene. <\/p>\n<p>Rekkehusbebyggelsen ble etablert p\u00e5 tomtene i 1969-70 og dannet grunnlaget for Hamrehaugen Borettslag. I 1990 ble Hamrehaugen Huseierlag stiftet med utgangspunkt i det tidligere borettslaget. Hamrehaugen Huseierlag best\u00e5r i dag av 55 selveiende rekkehus.<\/p>\n<p>Bildet er fra 1963 og viser Melkeplassen og de omliggende omr\u00e5dene. Tyskerbrakkene som ble oppf\u00f8rt under krigen er dominerende i de ellers landlige omgivelsene.<\/p>\n","protected":false},"excerpt":{"rendered":"<p>Hamrehaugen i Laksev\u00e5g bydel er en blindvei nordover fra \u00d8vre Fyllingsvei; 1969 oppkalt etter g\u00e5rdbruker Paul Hamre (1868\u20131945), som eide Melkeplassen og Hammerg\u00e5rden i Fyllingsdalen. Eiendommene ble utparsellert til boligtomter av arvingene. Rekkehusbebyggelsen ble etablert p\u00e5 tomtene i 1969-70 og dannet grunnlaget for Hamrehaugen Borettslag. I 1990 ble Hamrehaugen Huseierlag stiftet med utgangspunkt i det [&hellip;]<\/p>\n","protected":false},"author":1,"featured_media":0,"parent":0,"menu_order":0,"comment_status":"closed","ping_status":"open","template":"","meta":[],"_links":{"self":[{"href":"https:\/\/hamrehaugen.no\/index.php?rest_route=\/wp\/v2\/pages\/23"}],"collection":[{"href":"https:\/\/hamrehaugen.no\/index.php?rest_route=\/wp\/v2\/pages"}],"about":[{"href":"https:\/\/hamrehaugen.no\/index.php?rest_route=\/wp\/v2\/types\/page"}],"author":[{"embeddable":true,"href":"https:\/\/hamrehaugen.no\/index.php?rest_route=\/wp\/v2\/users\/1"}],"replies":[{"embeddable":true,"href":"https:\/\/hamrehaugen.no\/index.php?rest_route=%2Fwp%2Fv2%2Fcomments&post=23"}],"version-history":[{"count":5,"href":"https:\/\/hamrehaugen.no\/index.php?rest_route=\/wp\/v2\/pages\/23\/revisions"}],"predecessor-version":[{"id":205,"href":"https:\/\/hamrehaugen.no\/index.php?rest_route=\/wp\/v2\/pages\/23\/revisions\/205"}],"wp:attachment":[{"href":"https:\/\/hamrehaugen.no\/index.php?rest_route=%2Fwp%2Fv2%2Fmedia&parent=23"}],"curies":[{"name":"wp","href":"https:\/\/api.w.org\/{rel}","templated":true}]}}