{"id":207,"date":"2015-08-19T14:30:08","date_gmt":"2015-08-19T13:30:08","guid":{"rendered":"http:\/\/hamrehaugen.no\/wp\/?page_id=207"},"modified":"2016-05-02T12:50:08","modified_gmt":"2016-05-02T11:50:08","slug":"naeromradet","status":"publish","type":"page","link":"https:\/\/hamrehaugen.no\/?page_id=207","title":{"rendered":"N\u00e6romr\u00e5det"},"content":{"rendered":"<p><strong>Turmuligheter<\/strong><\/p>\n<p>Hamrehaugen ligger plassert i dalf\u00f8ret mellom <a href=\"https:\/\/no.wikipedia.org\/wiki\/L%C3%B8vstakken\" target=\"_blank\">L\u00f8vstakken<\/a> og <a href=\"https:\/\/no.wikipedia.org\/wiki\/Damsg%C3%A5rdsfjellet\" target=\"_blank\">Damsg\u00e5rdsfjellet<\/a>, og har derfor kort vei til sv\u00e6rt gode turmuligheter. Disse fjellene regnes med blant <a href=\"https:\/\/no.wikipedia.org\/wiki\/De_syv_fjell\" target=\"_blank\">De syv fjell<\/a>, og den \u00e5rlige 7-fjellsturen g\u00e5r forbi Hamrehaugen.<\/p>\n<p>Hvis man ikke \u00f8nsker topptur s\u00e5 finnes det ogs\u00e5 andre turmuligheter i umiddelbar n\u00e6rhet. <a href=\"http:\/\/www.bergenbyarkiv.no\/bergenbyleksikon\/arkiv\/14326629\" target=\"_blank\">L\u00f8vstien<\/a> byr p\u00e5 fine turmuligheter p\u00e5 L\u00f8vstakksiden, og hvis man setter kurs mot Fyllingsdalen s\u00e5 er det ikke langt til <a href=\"https:\/\/no.wikipedia.org\/wiki\/Kanadaskogen\" target=\"_blank\">Kanadaskogen<\/a>. Gangavstand til fin opparbeidet badeplass er det ogs\u00e5 i Storavatnet i <a href=\"http:\/\/www.bof.no\/Omrader\/Bergen\/krohnegaarden.htm\" target=\"_blank\">Krohneg\u00e5rden<\/a>.<\/p>\n<p><strong>Fritidsaktiviteter<\/strong><\/p>\n<p>Som n\u00e6rmeste nabo til Hamrehaugen ligger <a href=\"http:\/\/www.froya-idrett.no\/\" target=\"_blank\">Fr\u00f8ya Idrett<\/a> lett tilgjengelig, med kunstgressbane og idrettshall.<\/p>\n<p><a href=\"https:\/\/www.bergen.kommune.no\/omkommunen\/avdelinger\/fyllingsdalen-og-laksevag-kulturkontor\/9369\" target=\"_blank\">Fyllingsdalen og Laksev\u00e5g kulturkontor<\/a> tilbyr en rekke fritidsaktiviteter for alle aldre, og de har ogs\u00e5 en god oversikt over andre kulturtilbud i bydelen.<\/p>\n<p><strong>Skoler og barnehager<\/strong><\/p>\n<p>Hamrehaugen ligger ca 1,2 km fra Damsg\u00e5rd Skole (barneskole) og ca 2,5 km fra Holen Skole (ungdomsskole). Det ligger tre barnehager i umiddelbar n\u00e6rhet: Damsg\u00e5rd Barnehage, Laksev\u00e5g Barnehage og Litlafjell Barnehage.<\/p>\n<p><strong>Butikker<\/strong><\/p>\n<p>Fra Hamrehaugen er det kort vei til Coop Prix Melkeplassen og Rema 1000 Melkeplassen (planlagt \u00e5pning september 2015). Videre er det ca 3 km til <a href=\"http:\/\/www.laksevagsenter.no\/hjem\" target=\"_blank\">Laksev\u00e5g Senter<\/a> og <a href=\"http:\/\/www.oasenstorsenter.no\/\" target=\"_blank\">Oasen Storsenter<\/a>.<\/p>\n","protected":false},"excerpt":{"rendered":"<p>Turmuligheter Hamrehaugen ligger plassert i dalf\u00f8ret mellom L\u00f8vstakken og Damsg\u00e5rdsfjellet, og har derfor kort vei til sv\u00e6rt gode turmuligheter. Disse fjellene regnes med blant De syv fjell, og den \u00e5rlige 7-fjellsturen g\u00e5r forbi Hamrehaugen. Hvis man ikke \u00f8nsker topptur s\u00e5 finnes det ogs\u00e5 andre turmuligheter i umiddelbar n\u00e6rhet. L\u00f8vstien byr p\u00e5 fine turmuligheter p\u00e5 L\u00f8vstakksiden, [&hellip;]<\/p>\n","protected":false},"author":1,"featured_media":0,"parent":0,"menu_order":0,"comment_status":"closed","ping_status":"closed","template":"","meta":[],"_links":{"self":[{"href":"https:\/\/hamrehaugen.no\/index.php?rest_route=\/wp\/v2\/pages\/207"}],"collection":[{"href":"https:\/\/hamrehaugen.no\/index.php?rest_route=\/wp\/v2\/pages"}],"about":[{"href":"https:\/\/hamrehaugen.no\/index.php?rest_route=\/wp\/v2\/types\/page"}],"author":[{"embeddable":true,"href":"https:\/\/hamrehaugen.no\/index.php?rest_route=\/wp\/v2\/users\/1"}],"replies":[{"embeddable":true,"href":"https:\/\/hamrehaugen.no\/index.php?rest_route=%2Fwp%2Fv2%2Fcomments&post=207"}],"version-history":[{"count":3,"href":"https:\/\/hamrehaugen.no\/index.php?rest_route=\/wp\/v2\/pages\/207\/revisions"}],"predecessor-version":[{"id":210,"href":"https:\/\/hamrehaugen.no\/index.php?rest_route=\/wp\/v2\/pages\/207\/revisions\/210"}],"wp:attachment":[{"href":"https:\/\/hamrehaugen.no\/index.php?rest_route=%2Fwp%2Fv2%2Fmedia&parent=207"}],"curies":[{"name":"wp","href":"https:\/\/api.w.org\/{rel}","templated":true}]}}